{"id":10324,"date":"2023-07-04T16:36:29","date_gmt":"2023-07-04T13:36:29","guid":{"rendered":"http:\/\/localhost\/cw_orcelik\/tarihcemiz\/"},"modified":"2023-12-15T03:36:47","modified_gmt":"2023-12-15T00:36:47","slug":"our-history","status":"publish","type":"page","link":"https:\/\/www.orcelik.com\/en\/our-history","title":{"rendered":"Our History"},"content":{"rendered":"<p>The history of Or\u00e7elik tells the development journey of this successful company founded by Kerim G\u00fcn Tokatl\u0131o\u011flu in 1979. The adventure, which started with a workshop in Ye\u015fildere in the early periods, grew over time and moved to large facilities in Alt\u0131nda\u011f, P\u0131narba\u015f\u0131 and finally ITOB. Or\u00e7elik has continuously developed in metal office furniture and various storage systems and has an important place in the local and international market.<\/p>\n","protected":false},"excerpt":{"rendered":"<p>The history of Or\u00e7elik tells the development journey of this successful company founded by Kerim G\u00fcn Tokatl\u0131o\u011flu in 1979. The adventure, which started with a workshop in Ye\u015fildere in the early periods, grew over time and moved to large facilities in Alt\u0131nda\u011f, P\u0131narba\u015f\u0131 and finally ITOB. Or\u00e7elik has continuously developed in metal office furniture and [&hellip;]<\/p>\n","protected":false},"author":1,"featured_media":0,"parent":0,"menu_order":0,"comment_status":"closed","ping_status":"closed","template":"templates\/page--history.php","meta":{"footnotes":""},"class_list":["post-10324","page","type-page","status-publish","hentry"],"_links":{"self":[{"href":"https:\/\/www.orcelik.com\/en\/wp-json\/wp\/v2\/pages\/10324","targetHints":{"allow":["GET"]}}],"collection":[{"href":"https:\/\/www.orcelik.com\/en\/wp-json\/wp\/v2\/pages"}],"about":[{"href":"https:\/\/www.orcelik.com\/en\/wp-json\/wp\/v2\/types\/page"}],"author":[{"embeddable":true,"href":"https:\/\/www.orcelik.com\/en\/wp-json\/wp\/v2\/users\/1"}],"replies":[{"embeddable":true,"href":"https:\/\/www.orcelik.com\/en\/wp-json\/wp\/v2\/comments?post=10324"}],"version-history":[{"count":1,"href":"https:\/\/www.orcelik.com\/en\/wp-json\/wp\/v2\/pages\/10324\/revisions"}],"predecessor-version":[{"id":11565,"href":"https:\/\/www.orcelik.com\/en\/wp-json\/wp\/v2\/pages\/10324\/revisions\/11565"}],"wp:attachment":[{"href":"https:\/\/www.orcelik.com\/en\/wp-json\/wp\/v2\/media?parent=10324"}],"curies":[{"name":"wp","href":"https:\/\/api.w.org\/{rel}","templated":true}]}}