{"id":10332,"date":"2023-07-07T16:07:26","date_gmt":"2023-07-07T13:07:26","guid":{"rendered":"http:\/\/localhost\/cw_orcelik\/?page_id=10332"},"modified":"2023-12-15T03:38:14","modified_gmt":"2023-12-15T00:38:14","slug":"kvkk","status":"publish","type":"page","link":"https:\/\/www.orcelik.com\/en\/kvkk","title":{"rendered":"KVKK"},"content":{"rendered":"\r\n<h2 class=\"wp-block-heading\">Personal Data Protection Authority<\/h2>\r\n\r\n\r\n\r\n<ol class=\"wp-block-list\">\r\n<li>Firmam\u0131z, Ki\u015fisel Verileri Koruma Kanunu uyar\u0131nca, a\u015fa\u011f\u0131da a\u00e7\u0131klanan sebep, ama\u00e7 ve y\u00f6ntemlerle, istisna olarak ilgili yasal d\u00fczenlemeler ve yasal otoritelerce \u00f6ng\u00f6r\u00fclen bilgi saklama, raporlama, bilgilendirme y\u00fck\u00fcml\u00fcl\u00fcklerine de uygun olarak ki\u015fisel verilerinizi elde etme, kaydetme, Kanun\u2019da \u00f6ng\u00f6r\u00fclen s\u00fcrelerde depolama, muhafaza etme, s\u0131n\u0131fland\u0131rma, g\u00fcncelleme, yasal s\u0131n\u0131rlar dahilinde \u00fc\u00e7\u00fcnc\u00fc ki\u015filere aktarma \u015feklinde i\u015flemektedir.<\/li>\r\n\r\n\r\n\r\n<li>6698 say\u0131l\u0131 Ki\u015fisel Verilerin Korunmas\u0131 Kanunu (\u201c6698 say\u0131l\u0131 Kanun\u201d) uyar\u0131nca, ki\u015fisel verileriniz; firmam\u0131z taraf\u0131ndan yetkilendirilen veri sorumlusu taraf\u0131ndan, Veri Sorumlular\u0131 Siciline bildirilen \u015fartlarda i\u015flenmekte ve imha politikas\u0131na uygun olarak istem \u00fczerine ve\/veya periyodik olarak silinmekte\/yok edilmekte\/anonim hale getirilmektedir. \u0130\u015f bu ayd\u0131nlatma ve a\u00e7\u0131k r\u0131za metninin kabul edilmesi ile, ki\u015fisel verilerin firmam\u0131z taraf\u0131ndan belirlenen \u00fclkelerde depolanmas\u0131, yurtd\u0131\u015f\u0131na aktar\u0131lmas\u0131, bu ama\u00e7la \u00fc\u00e7\u00fcnc\u00fc ki\u015filerle payla\u015f\u0131lmas\u0131 da a\u00e7\u0131k\u00e7a kabul edilmektedir. Mobil uygulama ve\/veya internet sitesinin kullan\u0131lmas\u0131 halinde, hizmet talebi, bilgi talebi vb. i\u00e7in payla\u015faca\u011f\u0131n\u0131z veya payla\u015ft\u0131\u011f\u0131n\u0131z t\u00fcm ki\u015fisel verileri ve \u00e7erezler arac\u0131l\u0131\u011f\u0131 ile payla\u015ft\u0131\u011f\u0131n\u0131z ki\u015fisel verileriniz de bu ayd\u0131nlatma metnine dahil olan ki\u015fisel verilerinizdir ve makinelerinize veya cihazlar\u0131n\u0131za \u00e7erezlerin yerle\u015ftirilebilece\u011fini \u00f6zellikle kabul etmektesiniz. \u00c7erezler ve \/veya mobil cihaz kimlikleri (ve bunlarla s\u0131n\u0131rl\u0131 olmamak kayd\u0131yla, Android ID veya Apple IDFA ID d\u00e2hil olmak \u00fczere) hangi \u00fcr\u00fcn\u00fcn, reklam\u0131n g\u00f6r\u00fcld\u00fc\u011f\u00fcn\u00fc, etkile\u015fimde bulunuldu\u011funu veya t\u0131kland\u0131\u011f\u0131n\u0131 \u00f6l\u00e7mek i\u00e7in kullan\u0131labilecektir.<\/li>\r\n\r\n\r\n\r\n<li>\u0130\u015f bu ayd\u0131nlatma ve a\u00e7\u0131k r\u0131za metnini onaylayarak, ki\u015fisel verilerinizin firmam\u0131z taraf\u0131ndan sa\u011flanan hizmetler \u00e7er\u00e7evesinde i\u015flenmesine, payla\u015f\u0131lmas\u0131na, firmam\u0131z taraf\u0131ndan belirlenen serverda depolanmas\u0131na, sms veya e-posta olarak kampanyalara ili\u015fkin bilgi verilebilmesine, analizler yap\u0131lmas\u0131na ve bu kapsamda ileti\u015fime ge\u00e7ilmesine, verilerin yurt i\u00e7i veya yurt d\u0131\u015f\u0131 merkezli dijital<br \/>pazarlama firmalar\u0131na aktar\u0131lmas\u0131na, a\u00e7\u0131k\u00e7a r\u0131za g\u00f6sterilmi\u015ftir.<\/li>\r\n\r\n\r\n\r\n<li>Firmam\u0131z taraf\u0131nda hukuka uygun olarak toplanan ki\u015fisel verileriniz, a\u015fa\u011f\u0131da yer verilen ama\u00e7lar<br \/>do\u011frultusunda Kanun\u2019un 5. ve 6. maddelerinde belirtilen ki\u015fisel veri i\u015fleme \u015fartlar\u0131 ve ama\u00e7lar\u0131 dahilinde i\u015flenecektir;<br \/>\u0130\u015fleme ama\u00e7lar\u0131:\u00a0<em>\u0130\u015fin ifas\u0131, i\u015f a\u011f\u0131n\u0131n b\u00fcy\u00fct\u00fclmesi, tan\u0131t\u0131lmas\u0131, grafik ve anketlerin <\/em><em>olu\u015fturulmas\u0131, raporlama, do\u011frulama, de\u011ferlendirme vb. i\u015flemlerin yap\u0131lmas\u0131, istihdam, kamu <\/em><em>kurum ve kurulu\u015flar\u0131 ile payla\u015f\u0131m, idari i\u015flerin yap\u0131lmas\u0131, firmam\u0131z ile i\u015f ili\u015fkisi i\u00e7erisinde <\/em><em>olan ki\u015filerin hukuki ve ticari g\u00fcvenli\u011finin temini ve denetimi,\u00a0 hukuki uyum s\u00fcre\u00e7lerinin <\/em><em>y\u00fcr\u00fct\u00fclmesi, mali ve finansal i\u015flerin yerine getirilmesi, \u00a0ticari ve i\u015f stratejilerinin <\/em><em>belirlenmesi ve yerine getirilmesi, \u00fcr\u00fcn ve hizmetlerin sat\u0131\u015f ve pazarlamas\u0131 i\u00e7in pazar <\/em><em>ara\u015ft\u0131rmas\u0131 faaliyetlerinin planlanmas\u0131 ve\/veya icras\u0131, bilgi g\u00fcvenli\u011fi s\u00fcre\u00e7lerinin <\/em><em>planlanmas\u0131, denetimi ve icras\u0131, bilgi teknolojileri alt yap\u0131s\u0131n\u0131n olu\u015fturulmas\u0131 ve y\u00f6netilmesi, <\/em><em>hukuk i\u015flerinin takibi, i\u015f faaliyetlerinin etkinlik\/verimlilik ve\/veya yerindelik analizlerinin<\/em><em><br \/><\/em><em>ger\u00e7ekle\u015ftirilmesi faaliyetlerinin planlanmas\u0131 ve\/veya icras\u0131, i\u015f s\u00fcreklili\u011finin sa\u011flanmas\u0131 <\/em><em>faaliyetlerinin planlanmas\u0131 ve\/veya icras\u0131, kurumsal ileti\u015fim faaliyetlerinin planlanmas\u0131 ve <\/em><em>icras\u0131, lojistik faaliyetlerinin planlanmas\u0131 ve icras\u0131, M\u00fc\u015fteri\/kullan\u0131c\u0131 ili\u015fkileri y\u00f6netimi <\/em><em>s\u00fcre\u00e7lerinin planlanmas\u0131 ve icras\u0131, \u00a0kullan\u0131c\u0131 \u00a0talep ve\/veya \u015fikayetlerinin takibi, \u015firket <\/em><em>denetim faaliyetlerinin planlanmas\u0131 ve icras\u0131, \u015firket operasyonlar\u0131n\u0131n g\u00fcvenli\u011finin sa\u011flanmas\u0131, <\/em><em>s\u00f6zle\u015fme s\u00fcre\u00e7lerinin ve\/veya hukuki taleplerin takibi, stratejik planlama faaliyetlerinin <\/em><em>icras\u0131, yetkili kamu kurumu ve kurulu\u015flara mevzuattan kaynakl\u0131 bilgi verilmesi.<\/em><\/li>\r\n\r\n\r\n\r\n<li>Ki\u015fisel veri sahipleri ki\u015fisel veri i\u015flenip i\u015flenmedi\u011fini \u00f6\u011frenme, ki\u015fisel verileri i\u015flenmi\u015fse buna ili\u015fkin bilgi talep etme, ki\u015fisel verilerin i\u015flenme amac\u0131n\u0131 ve bunlar\u0131n amac\u0131na uygun kullan\u0131l\u0131p kullan\u0131lmad\u0131\u011f\u0131n\u0131 \u00f6\u011frenme, yurt i\u00e7inde veya yurt d\u0131\u015f\u0131nda ki\u015fisel verilerin aktar\u0131ld\u0131\u011f\u0131 \u00fc\u00e7\u00fcnc\u00fc ki\u015fileri bilme, ki\u015fisel verilerin eksik veya yanl\u0131\u015f i\u015flenmi\u015f olmas\u0131 h\u00e2linde bunlar\u0131n d\u00fczeltilmesini isteme ve bu kapsamda yap\u0131lan i\u015flemin ki\u015fisel verilerin aktar\u0131ld\u0131\u011f\u0131 \u00fc\u00e7\u00fcnc\u00fc ki\u015filere bildirilmesini isteme, 6698 say\u0131l\u0131 Kanun ve ilgili di\u011fer kanun h\u00fck\u00fcmlerine uygun olarak i\u015flenmi\u015f olmas\u0131na ra\u011fmen, i\u015flenmesini gerektiren sebeplerin ortadan kalkmas\u0131 halinde ki\u015fisel verilerin silinmesini veya yok edilmesini isteme ve bu kapsamda yap\u0131lan i\u015flemin ki\u015fisel verilerin aktar\u0131ld\u0131\u011f\u0131 \u00fc\u00e7\u00fcnc\u00fc ki\u015filere bildirilmesini isteme, i\u015flenen verilerin m\u00fcnhas\u0131ran otomatik sistemler vas\u0131tas\u0131yla analiz edilmesi suretiyle ki\u015finin kendisi aleyhine bir sonucun ortaya \u00e7\u0131kmas\u0131na itiraz etme, ki\u015fisel verilerin kanuna ayk\u0131r\u0131 olarak i\u015flenmesi sebebiyle zarara u\u011framas\u0131 halinde zarar\u0131n giderilmesini talep etme haklar\u0131na sahiptir. Firmam\u0131z taraf\u0131ndan bu talepler 30 (otuz) g\u00fcn i\u00e7erisinde cevapland\u0131r\u0131lacakt\u0131r.<\/li>\r\n<\/ol>\r\n","protected":false},"excerpt":{"rendered":"<p>Personal Data Protection Authority<\/p>\n","protected":false},"author":1,"featured_media":0,"parent":0,"menu_order":0,"comment_status":"closed","ping_status":"closed","template":"","meta":{"footnotes":""},"class_list":["post-10332","page","type-page","status-publish","hentry"],"_links":{"self":[{"href":"https:\/\/www.orcelik.com\/en\/wp-json\/wp\/v2\/pages\/10332","targetHints":{"allow":["GET"]}}],"collection":[{"href":"https:\/\/www.orcelik.com\/en\/wp-json\/wp\/v2\/pages"}],"about":[{"href":"https:\/\/www.orcelik.com\/en\/wp-json\/wp\/v2\/types\/page"}],"author":[{"embeddable":true,"href":"https:\/\/www.orcelik.com\/en\/wp-json\/wp\/v2\/users\/1"}],"replies":[{"embeddable":true,"href":"https:\/\/www.orcelik.com\/en\/wp-json\/wp\/v2\/comments?post=10332"}],"version-history":[{"count":1,"href":"https:\/\/www.orcelik.com\/en\/wp-json\/wp\/v2\/pages\/10332\/revisions"}],"predecessor-version":[{"id":11567,"href":"https:\/\/www.orcelik.com\/en\/wp-json\/wp\/v2\/pages\/10332\/revisions\/11567"}],"wp:attachment":[{"href":"https:\/\/www.orcelik.com\/en\/wp-json\/wp\/v2\/media?parent=10332"}],"curies":[{"name":"wp","href":"https:\/\/api.w.org\/{rel}","templated":true}]}}